{"id":59,"date":"2023-11-20T20:29:40","date_gmt":"2023-11-20T20:29:40","guid":{"rendered":"https:\/\/oraconstructiondesign.com\/realisations\/"},"modified":"2023-11-21T19:07:30","modified_gmt":"2023-11-21T19:07:30","slug":"realisations","status":"publish","type":"page","link":"https:\/\/oraconstructiondesign.com\/en\/realisations\/","title":{"rendered":"Achievements"},"content":{"rendered":"<div data-elementor-type=\"wp-page\" data-elementor-id=\"59\" class=\"elementor elementor-59\" data-elementor-settings=\"{&quot;ha_cmc_init_switcher&quot;:&quot;no&quot;}\" data-elementor-post-type=\"page\">\n\t\t\t\t\t\t<section class=\"elementor-section elementor-top-section elementor-element elementor-element-6300166 elementor-section-height-min-height elementor-section-content-middle elementor-section-boxed elementor-section-height-default elementor-section-items-middle\" data-id=\"6300166\" data-element_type=\"section\" data-e-type=\"section\" data-settings=\"{&quot;background_background&quot;:&quot;classic&quot;}\">\n\t\t\t\t\t\t\t<div class=\"elementor-background-overlay\"><\/div>\n\t\t\t\t\t\t\t<div class=\"elementor-container elementor-column-gap-default\">\n\t\t\t\t\t<div class=\"elementor-column elementor-col-50 elementor-top-column elementor-element elementor-element-f0715f6\" data-id=\"f0715f6\" data-element_type=\"column\" data-e-type=\"column\" data-settings=\"{&quot;background_background&quot;:&quot;classic&quot;}\">\n\t\t\t<div class=\"elementor-widget-wrap elementor-element-populated\">\n\t\t\t\t\t\t<div class=\"elementor-element elementor-element-88e6752 elementor-widget-tablet__width-inherit elementor-widget elementor-widget-heading\" data-id=\"88e6752\" data-element_type=\"widget\" data-e-type=\"widget\" data-widget_type=\"heading.default\">\n\t\t\t\t<div class=\"elementor-widget-container\">\n\t\t\t\t\t<div class=\"elementor-heading-title elementor-size-default\">From plans to design<br> <strong>a team at your service!<\/strong><\/div>\t\t\t\t<\/div>\n\t\t\t\t<\/div>\n\t\t\t\t\t<\/div>\n\t\t<\/div>\n\t\t\t\t<div class=\"elementor-column elementor-col-50 elementor-top-column elementor-element elementor-element-5ca3cfde elementor-hidden-mobile\" data-id=\"5ca3cfde\" data-element_type=\"column\" data-e-type=\"column\">\n\t\t\t<div class=\"elementor-widget-wrap\">\n\t\t\t\t\t\t\t<\/div>\n\t\t<\/div>\n\t\t\t\t\t<\/div>\n\t\t<\/section>\n\t\t\t\t<section class=\"elementor-section elementor-top-section elementor-element elementor-element-61018496 elementor-section-boxed elementor-section-height-default elementor-section-height-default\" data-id=\"61018496\" data-element_type=\"section\" data-e-type=\"section\" data-settings=\"{&quot;background_background&quot;:&quot;classic&quot;}\">\n\t\t\t\t\t\t<div class=\"elementor-container elementor-column-gap-default\">\n\t\t\t\t\t<div class=\"elementor-column elementor-col-100 elementor-top-column elementor-element elementor-element-2d34be7b\" data-id=\"2d34be7b\" data-element_type=\"column\" data-e-type=\"column\">\n\t\t\t<div class=\"elementor-widget-wrap elementor-element-populated\">\n\t\t\t\t\t\t<div class=\"elementor-element elementor-element-7cf803cc elementor-view-default elementor-widget elementor-widget-icon\" data-id=\"7cf803cc\" data-element_type=\"widget\" data-e-type=\"widget\" data-widget_type=\"icon.default\">\n\t\t\t\t<div class=\"elementor-widget-container\">\n\t\t\t\t\t\t\t<div class=\"elementor-icon-wrapper\">\n\t\t\t<div class=\"elementor-icon\">\n\t\t\t<svg aria-hidden=\"true\" class=\"e-font-icon-svg e-fas-th-large\" viewbox=\"0 0 512 512\" xmlns=\"http:\/\/www.w3.org\/2000\/svg\"><path d=\"M296 32h192c13.255 0 24 10.745 24 24v160c0 13.255-10.745 24-24 24H296c-13.255 0-24-10.745-24-24V56c0-13.255 10.745-24 24-24zm-80 0H24C10.745 32 0 42.745 0 56v160c0 13.255 10.745 24 24 24h192c13.255 0 24-10.745 24-24V56c0-13.255-10.745-24-24-24zM0 296v160c0 13.255 10.745 24 24 24h192c13.255 0 24-10.745 24-24V296c0-13.255-10.745-24-24-24H24c-13.255 0-24 10.745-24 24zm296 184h192c13.255 0 24-10.745 24-24V296c0-13.255-10.745-24-24-24H296c-13.255 0-24 10.745-24 24v160c0 13.255 10.745 24 24 24z\"><\/path><\/svg>\t\t\t<\/div>\n\t\t<\/div>\n\t\t\t\t\t\t<\/div>\n\t\t\t\t<\/div>\n\t\t\t\t<div class=\"elementor-element elementor-element-75a9827e elementor-widget elementor-widget-heading\" data-id=\"75a9827e\" data-element_type=\"widget\" data-e-type=\"widget\" data-widget_type=\"heading.default\">\n\t\t\t\t<div class=\"elementor-widget-container\">\n\t\t\t\t\t<h1 class=\"elementor-heading-title elementor-size-default\">Our achievements<\/h1>\t\t\t\t<\/div>\n\t\t\t\t<\/div>\n\t\t\t\t<div class=\"elementor-element elementor-element-274b8175 elementor-widget elementor-widget-heading\" data-id=\"274b8175\" data-element_type=\"widget\" data-e-type=\"widget\" data-widget_type=\"heading.default\">\n\t\t\t\t<div class=\"elementor-widget-container\">\n\t\t\t\t\t<p class=\"elementor-heading-title elementor-size-default\">Imagine what we can do for you!<\/p>\t\t\t\t<\/div>\n\t\t\t\t<\/div>\n\t\t\t\t\t<\/div>\n\t\t<\/div>\n\t\t\t\t\t<\/div>\n\t\t<\/section>\n\t\t\t\t<section class=\"elementor-section elementor-top-section elementor-element elementor-element-59532e16 elementor-section-full_width elementor-section-height-default elementor-section-height-default\" data-id=\"59532e16\" data-element_type=\"section\" data-e-type=\"section\">\n\t\t\t\t\t\t<div class=\"elementor-container elementor-column-gap-default\">\n\t\t\t\t\t<div class=\"elementor-column elementor-col-100 elementor-top-column elementor-element elementor-element-6938b0be\" data-id=\"6938b0be\" data-element_type=\"column\" data-e-type=\"column\">\n\t\t\t<div class=\"elementor-widget-wrap elementor-element-populated\">\n\t\t\t\t\t\t<div class=\"elementor-element elementor-element-1cca80c6 elementor-widget elementor-widget-gallery\" data-id=\"1cca80c6\" data-element_type=\"widget\" data-e-type=\"widget\" data-settings=\"{&quot;columns&quot;:3,&quot;lazyload&quot;:&quot;yes&quot;,&quot;gallery_layout&quot;:&quot;grid&quot;,&quot;columns_tablet&quot;:2,&quot;columns_mobile&quot;:1,&quot;gap&quot;:{&quot;unit&quot;:&quot;px&quot;,&quot;size&quot;:10,&quot;sizes&quot;:[]},&quot;gap_tablet&quot;:{&quot;unit&quot;:&quot;px&quot;,&quot;size&quot;:10,&quot;sizes&quot;:[]},&quot;gap_mobile&quot;:{&quot;unit&quot;:&quot;px&quot;,&quot;size&quot;:10,&quot;sizes&quot;:[]},&quot;link_to&quot;:&quot;file&quot;,&quot;aspect_ratio&quot;:&quot;3:2&quot;,&quot;overlay_background&quot;:&quot;yes&quot;,&quot;content_hover_animation&quot;:&quot;fade-in&quot;}\" data-widget_type=\"gallery.default\">\n\t\t\t\t<div class=\"elementor-widget-container\">\n\t\t\t\t\t\t\t<div class=\"elementor-gallery__container\">\n\t\t\t\t\t\t\t<a class=\"e-gallery-item elementor-gallery-item elementor-animated-content\" href=\"https:\/\/oraconstructiondesign.com\/wp-content\/uploads\/2023\/11\/realisations-renovation-montreal-laval-05.jpg\" data-elementor-open-lightbox=\"yes\" data-elementor-lightbox-slideshow=\"1cca80c6\" data-e-action-hash=\"#elementor-action%3Aaction%3Dlightbox%26settings%3DeyJpZCI6NjAsInVybCI6Imh0dHBzOlwvXC9vcmFjb25zdHJ1Y3Rpb25kZXNpZ24uY29tXC93cC1jb250ZW50XC91cGxvYWRzXC8yMDIzXC8xMVwvcmVhbGlzYXRpb25zLXJlbm92YXRpb24tbW9udHJlYWwtbGF2YWwtMDUuanBnIiwic2xpZGVzaG93IjoiMWNjYTgwYzYifQ%3D%3D\">\n\t\t\t\t\t<div class=\"e-gallery-image elementor-gallery-item__image\" data-thumbnail=\"https:\/\/oraconstructiondesign.com\/wp-content\/uploads\/2023\/11\/realisations-renovation-montreal-laval-05.jpg\" data-width=\"720\" data-height=\"450\" aria-label=\"\" role=\"img\" ><\/div>\n\t\t\t\t\t\t\t\t\t\t\t<div class=\"elementor-gallery-item__overlay\"><\/div>\n\t\t\t\t\t\t\t\t\t\t\t\t\t\t<\/a>\n\t\t\t\t\t\t\t<a class=\"e-gallery-item elementor-gallery-item elementor-animated-content\" href=\"https:\/\/oraconstructiondesign.com\/wp-content\/uploads\/2023\/11\/realisations-renovation-montreal-laval-06.jpg\" data-elementor-open-lightbox=\"yes\" data-elementor-lightbox-slideshow=\"1cca80c6\" data-e-action-hash=\"#elementor-action%3Aaction%3Dlightbox%26settings%3DeyJpZCI6NjEsInVybCI6Imh0dHBzOlwvXC9vcmFjb25zdHJ1Y3Rpb25kZXNpZ24uY29tXC93cC1jb250ZW50XC91cGxvYWRzXC8yMDIzXC8xMVwvcmVhbGlzYXRpb25zLXJlbm92YXRpb24tbW9udHJlYWwtbGF2YWwtMDYuanBnIiwic2xpZGVzaG93IjoiMWNjYTgwYzYifQ%3D%3D\">\n\t\t\t\t\t<div class=\"e-gallery-image elementor-gallery-item__image\" data-thumbnail=\"https:\/\/oraconstructiondesign.com\/wp-content\/uploads\/2023\/11\/realisations-renovation-montreal-laval-06.jpg\" data-width=\"720\" data-height=\"450\" aria-label=\"\" role=\"img\" ><\/div>\n\t\t\t\t\t\t\t\t\t\t\t<div class=\"elementor-gallery-item__overlay\"><\/div>\n\t\t\t\t\t\t\t\t\t\t\t\t\t\t<\/a>\n\t\t\t\t\t\t\t<a class=\"e-gallery-item elementor-gallery-item elementor-animated-content\" href=\"https:\/\/oraconstructiondesign.com\/wp-content\/uploads\/2023\/11\/realisations-renovation-montreal-laval-07.jpg\" data-elementor-open-lightbox=\"yes\" data-elementor-lightbox-slideshow=\"1cca80c6\" data-e-action-hash=\"#elementor-action%3Aaction%3Dlightbox%26settings%3DeyJpZCI6NjIsInVybCI6Imh0dHBzOlwvXC9vcmFjb25zdHJ1Y3Rpb25kZXNpZ24uY29tXC93cC1jb250ZW50XC91cGxvYWRzXC8yMDIzXC8xMVwvcmVhbGlzYXRpb25zLXJlbm92YXRpb24tbW9udHJlYWwtbGF2YWwtMDcuanBnIiwic2xpZGVzaG93IjoiMWNjYTgwYzYifQ%3D%3D\">\n\t\t\t\t\t<div class=\"e-gallery-image elementor-gallery-item__image\" data-thumbnail=\"https:\/\/oraconstructiondesign.com\/wp-content\/uploads\/2023\/11\/realisations-renovation-montreal-laval-07.jpg\" data-width=\"720\" data-height=\"450\" aria-label=\"\" role=\"img\" ><\/div>\n\t\t\t\t\t\t\t\t\t\t\t<div class=\"elementor-gallery-item__overlay\"><\/div>\n\t\t\t\t\t\t\t\t\t\t\t\t\t\t<\/a>\n\t\t\t\t\t\t\t<a class=\"e-gallery-item elementor-gallery-item elementor-animated-content\" href=\"https:\/\/oraconstructiondesign.com\/wp-content\/uploads\/2023\/11\/realisations-renovation-montreal-laval-08.jpg\" data-elementor-open-lightbox=\"yes\" data-elementor-lightbox-slideshow=\"1cca80c6\" data-e-action-hash=\"#elementor-action%3Aaction%3Dlightbox%26settings%3DeyJpZCI6NjMsInVybCI6Imh0dHBzOlwvXC9vcmFjb25zdHJ1Y3Rpb25kZXNpZ24uY29tXC93cC1jb250ZW50XC91cGxvYWRzXC8yMDIzXC8xMVwvcmVhbGlzYXRpb25zLXJlbm92YXRpb24tbW9udHJlYWwtbGF2YWwtMDguanBnIiwic2xpZGVzaG93IjoiMWNjYTgwYzYifQ%3D%3D\">\n\t\t\t\t\t<div class=\"e-gallery-image elementor-gallery-item__image\" data-thumbnail=\"https:\/\/oraconstructiondesign.com\/wp-content\/uploads\/2023\/11\/realisations-renovation-montreal-laval-08.jpg\" data-width=\"720\" data-height=\"450\" aria-label=\"\" role=\"img\" ><\/div>\n\t\t\t\t\t\t\t\t\t\t\t<div class=\"elementor-gallery-item__overlay\"><\/div>\n\t\t\t\t\t\t\t\t\t\t\t\t\t\t<\/a>\n\t\t\t\t\t\t\t<a class=\"e-gallery-item elementor-gallery-item elementor-animated-content\" href=\"https:\/\/oraconstructiondesign.com\/wp-content\/uploads\/2023\/11\/realisations-renovation-montreal-laval-09.jpg\" data-elementor-open-lightbox=\"yes\" data-elementor-lightbox-slideshow=\"1cca80c6\" data-e-action-hash=\"#elementor-action%3Aaction%3Dlightbox%26settings%3DeyJpZCI6NjQsInVybCI6Imh0dHBzOlwvXC9vcmFjb25zdHJ1Y3Rpb25kZXNpZ24uY29tXC93cC1jb250ZW50XC91cGxvYWRzXC8yMDIzXC8xMVwvcmVhbGlzYXRpb25zLXJlbm92YXRpb24tbW9udHJlYWwtbGF2YWwtMDkuanBnIiwic2xpZGVzaG93IjoiMWNjYTgwYzYifQ%3D%3D\">\n\t\t\t\t\t<div class=\"e-gallery-image elementor-gallery-item__image\" data-thumbnail=\"https:\/\/oraconstructiondesign.com\/wp-content\/uploads\/2023\/11\/realisations-renovation-montreal-laval-09.jpg\" data-width=\"720\" data-height=\"450\" aria-label=\"\" role=\"img\" ><\/div>\n\t\t\t\t\t\t\t\t\t\t\t<div class=\"elementor-gallery-item__overlay\"><\/div>\n\t\t\t\t\t\t\t\t\t\t\t\t\t\t<\/a>\n\t\t\t\t\t\t\t<a class=\"e-gallery-item elementor-gallery-item elementor-animated-content\" href=\"https:\/\/oraconstructiondesign.com\/wp-content\/uploads\/2023\/11\/realisations-renovation-montreal-laval-10.jpg\" data-elementor-open-lightbox=\"yes\" data-elementor-lightbox-slideshow=\"1cca80c6\" data-e-action-hash=\"#elementor-action%3Aaction%3Dlightbox%26settings%3DeyJpZCI6NjUsInVybCI6Imh0dHBzOlwvXC9vcmFjb25zdHJ1Y3Rpb25kZXNpZ24uY29tXC93cC1jb250ZW50XC91cGxvYWRzXC8yMDIzXC8xMVwvcmVhbGlzYXRpb25zLXJlbm92YXRpb24tbW9udHJlYWwtbGF2YWwtMTAuanBnIiwic2xpZGVzaG93IjoiMWNjYTgwYzYifQ%3D%3D\">\n\t\t\t\t\t<div class=\"e-gallery-image elementor-gallery-item__image\" data-thumbnail=\"https:\/\/oraconstructiondesign.com\/wp-content\/uploads\/2023\/11\/realisations-renovation-montreal-laval-10.jpg\" data-width=\"720\" data-height=\"450\" aria-label=\"\" role=\"img\" ><\/div>\n\t\t\t\t\t\t\t\t\t\t\t<div class=\"elementor-gallery-item__overlay\"><\/div>\n\t\t\t\t\t\t\t\t\t\t\t\t\t\t<\/a>\n\t\t\t\t\t\t\t<a class=\"e-gallery-item elementor-gallery-item elementor-animated-content\" href=\"https:\/\/oraconstructiondesign.com\/wp-content\/uploads\/2023\/11\/realisations-renovation-montreal-laval-11.jpg\" data-elementor-open-lightbox=\"yes\" data-elementor-lightbox-slideshow=\"1cca80c6\" data-e-action-hash=\"#elementor-action%3Aaction%3Dlightbox%26settings%3DeyJpZCI6NjYsInVybCI6Imh0dHBzOlwvXC9vcmFjb25zdHJ1Y3Rpb25kZXNpZ24uY29tXC93cC1jb250ZW50XC91cGxvYWRzXC8yMDIzXC8xMVwvcmVhbGlzYXRpb25zLXJlbm92YXRpb24tbW9udHJlYWwtbGF2YWwtMTEuanBnIiwic2xpZGVzaG93IjoiMWNjYTgwYzYifQ%3D%3D\">\n\t\t\t\t\t<div class=\"e-gallery-image elementor-gallery-item__image\" data-thumbnail=\"https:\/\/oraconstructiondesign.com\/wp-content\/uploads\/2023\/11\/realisations-renovation-montreal-laval-11.jpg\" data-width=\"720\" data-height=\"450\" aria-label=\"\" role=\"img\" ><\/div>\n\t\t\t\t\t\t\t\t\t\t\t<div class=\"elementor-gallery-item__overlay\"><\/div>\n\t\t\t\t\t\t\t\t\t\t\t\t\t\t<\/a>\n\t\t\t\t\t\t\t<a class=\"e-gallery-item elementor-gallery-item elementor-animated-content\" href=\"https:\/\/oraconstructiondesign.com\/wp-content\/uploads\/2023\/11\/realisations-renovation-montreal-laval-12.jpg\" data-elementor-open-lightbox=\"yes\" data-elementor-lightbox-slideshow=\"1cca80c6\" data-e-action-hash=\"#elementor-action%3Aaction%3Dlightbox%26settings%3DeyJpZCI6NjcsInVybCI6Imh0dHBzOlwvXC9vcmFjb25zdHJ1Y3Rpb25kZXNpZ24uY29tXC93cC1jb250ZW50XC91cGxvYWRzXC8yMDIzXC8xMVwvcmVhbGlzYXRpb25zLXJlbm92YXRpb24tbW9udHJlYWwtbGF2YWwtMTIuanBnIiwic2xpZGVzaG93IjoiMWNjYTgwYzYifQ%3D%3D\">\n\t\t\t\t\t<div class=\"e-gallery-image elementor-gallery-item__image\" data-thumbnail=\"https:\/\/oraconstructiondesign.com\/wp-content\/uploads\/2023\/11\/realisations-renovation-montreal-laval-12.jpg\" data-width=\"720\" data-height=\"450\" aria-label=\"\" role=\"img\" ><\/div>\n\t\t\t\t\t\t\t\t\t\t\t<div class=\"elementor-gallery-item__overlay\"><\/div>\n\t\t\t\t\t\t\t\t\t\t\t\t\t\t<\/a>\n\t\t\t\t\t\t\t<a class=\"e-gallery-item elementor-gallery-item elementor-animated-content\" href=\"https:\/\/oraconstructiondesign.com\/wp-content\/uploads\/2023\/11\/realisations-renovation-montreal-laval-13.jpg\" data-elementor-open-lightbox=\"yes\" data-elementor-lightbox-slideshow=\"1cca80c6\" data-e-action-hash=\"#elementor-action%3Aaction%3Dlightbox%26settings%3DeyJpZCI6NjgsInVybCI6Imh0dHBzOlwvXC9vcmFjb25zdHJ1Y3Rpb25kZXNpZ24uY29tXC93cC1jb250ZW50XC91cGxvYWRzXC8yMDIzXC8xMVwvcmVhbGlzYXRpb25zLXJlbm92YXRpb24tbW9udHJlYWwtbGF2YWwtMTMuanBnIiwic2xpZGVzaG93IjoiMWNjYTgwYzYifQ%3D%3D\">\n\t\t\t\t\t<div class=\"e-gallery-image elementor-gallery-item__image\" data-thumbnail=\"https:\/\/oraconstructiondesign.com\/wp-content\/uploads\/2023\/11\/realisations-renovation-montreal-laval-13.jpg\" data-width=\"720\" data-height=\"450\" aria-label=\"\" role=\"img\" ><\/div>\n\t\t\t\t\t\t\t\t\t\t\t<div class=\"elementor-gallery-item__overlay\"><\/div>\n\t\t\t\t\t\t\t\t\t\t\t\t\t\t<\/a>\n\t\t\t\t\t\t\t<a class=\"e-gallery-item elementor-gallery-item elementor-animated-content\" href=\"https:\/\/oraconstructiondesign.com\/wp-content\/uploads\/2023\/11\/realisations-renovation-montreal-laval-14.jpg\" data-elementor-open-lightbox=\"yes\" data-elementor-lightbox-slideshow=\"1cca80c6\" data-e-action-hash=\"#elementor-action%3Aaction%3Dlightbox%26settings%3DeyJpZCI6NjksInVybCI6Imh0dHBzOlwvXC9vcmFjb25zdHJ1Y3Rpb25kZXNpZ24uY29tXC93cC1jb250ZW50XC91cGxvYWRzXC8yMDIzXC8xMVwvcmVhbGlzYXRpb25zLXJlbm92YXRpb24tbW9udHJlYWwtbGF2YWwtMTQuanBnIiwic2xpZGVzaG93IjoiMWNjYTgwYzYifQ%3D%3D\">\n\t\t\t\t\t<div class=\"e-gallery-image elementor-gallery-item__image\" data-thumbnail=\"https:\/\/oraconstructiondesign.com\/wp-content\/uploads\/2023\/11\/realisations-renovation-montreal-laval-14.jpg\" data-width=\"720\" data-height=\"450\" aria-label=\"\" role=\"img\" ><\/div>\n\t\t\t\t\t\t\t\t\t\t\t<div class=\"elementor-gallery-item__overlay\"><\/div>\n\t\t\t\t\t\t\t\t\t\t\t\t\t\t<\/a>\n\t\t\t\t\t\t\t<a class=\"e-gallery-item elementor-gallery-item elementor-animated-content\" href=\"https:\/\/oraconstructiondesign.com\/wp-content\/uploads\/2023\/11\/realisations-renovation-montreal-laval-15.jpg\" data-elementor-open-lightbox=\"yes\" data-elementor-lightbox-slideshow=\"1cca80c6\" data-e-action-hash=\"#elementor-action%3Aaction%3Dlightbox%26settings%3DeyJpZCI6NzAsInVybCI6Imh0dHBzOlwvXC9vcmFjb25zdHJ1Y3Rpb25kZXNpZ24uY29tXC93cC1jb250ZW50XC91cGxvYWRzXC8yMDIzXC8xMVwvcmVhbGlzYXRpb25zLXJlbm92YXRpb24tbW9udHJlYWwtbGF2YWwtMTUuanBnIiwic2xpZGVzaG93IjoiMWNjYTgwYzYifQ%3D%3D\">\n\t\t\t\t\t<div class=\"e-gallery-image elementor-gallery-item__image\" data-thumbnail=\"https:\/\/oraconstructiondesign.com\/wp-content\/uploads\/2023\/11\/realisations-renovation-montreal-laval-15.jpg\" data-width=\"720\" data-height=\"450\" aria-label=\"\" role=\"img\" ><\/div>\n\t\t\t\t\t\t\t\t\t\t\t<div class=\"elementor-gallery-item__overlay\"><\/div>\n\t\t\t\t\t\t\t\t\t\t\t\t\t\t<\/a>\n\t\t\t\t\t\t\t<a class=\"e-gallery-item elementor-gallery-item elementor-animated-content\" href=\"https:\/\/oraconstructiondesign.com\/wp-content\/uploads\/2023\/11\/realisations-renovation-montreal-laval-16.jpg\" data-elementor-open-lightbox=\"yes\" data-elementor-lightbox-slideshow=\"1cca80c6\" data-e-action-hash=\"#elementor-action%3Aaction%3Dlightbox%26settings%3DeyJpZCI6NzEsInVybCI6Imh0dHBzOlwvXC9vcmFjb25zdHJ1Y3Rpb25kZXNpZ24uY29tXC93cC1jb250ZW50XC91cGxvYWRzXC8yMDIzXC8xMVwvcmVhbGlzYXRpb25zLXJlbm92YXRpb24tbW9udHJlYWwtbGF2YWwtMTYuanBnIiwic2xpZGVzaG93IjoiMWNjYTgwYzYifQ%3D%3D\">\n\t\t\t\t\t<div class=\"e-gallery-image elementor-gallery-item__image\" data-thumbnail=\"https:\/\/oraconstructiondesign.com\/wp-content\/uploads\/2023\/11\/realisations-renovation-montreal-laval-16.jpg\" data-width=\"720\" data-height=\"450\" aria-label=\"\" role=\"img\" ><\/div>\n\t\t\t\t\t\t\t\t\t\t\t<div class=\"elementor-gallery-item__overlay\"><\/div>\n\t\t\t\t\t\t\t\t\t\t\t\t\t\t<\/a>\n\t\t\t\t\t\t\t<a class=\"e-gallery-item elementor-gallery-item elementor-animated-content\" href=\"https:\/\/oraconstructiondesign.com\/wp-content\/uploads\/2023\/11\/realisations-renovation-montreal-laval-17.jpg\" data-elementor-open-lightbox=\"yes\" data-elementor-lightbox-slideshow=\"1cca80c6\" data-e-action-hash=\"#elementor-action%3Aaction%3Dlightbox%26settings%3DeyJpZCI6NzIsInVybCI6Imh0dHBzOlwvXC9vcmFjb25zdHJ1Y3Rpb25kZXNpZ24uY29tXC93cC1jb250ZW50XC91cGxvYWRzXC8yMDIzXC8xMVwvcmVhbGlzYXRpb25zLXJlbm92YXRpb24tbW9udHJlYWwtbGF2YWwtMTcuanBnIiwic2xpZGVzaG93IjoiMWNjYTgwYzYifQ%3D%3D\">\n\t\t\t\t\t<div class=\"e-gallery-image elementor-gallery-item__image\" data-thumbnail=\"https:\/\/oraconstructiondesign.com\/wp-content\/uploads\/2023\/11\/realisations-renovation-montreal-laval-17.jpg\" data-width=\"720\" data-height=\"450\" aria-label=\"\" role=\"img\" ><\/div>\n\t\t\t\t\t\t\t\t\t\t\t<div class=\"elementor-gallery-item__overlay\"><\/div>\n\t\t\t\t\t\t\t\t\t\t\t\t\t\t<\/a>\n\t\t\t\t\t<\/div>\n\t\t\t\t\t<\/div>\n\t\t\t\t<\/div>\n\t\t\t\t\t<\/div>\n\t\t<\/div>\n\t\t\t\t\t<\/div>\n\t\t<\/section>\n\t\t\t\t<\/div>","protected":false},"excerpt":{"rendered":"<p>Des plans \u00e0 la conception, une \u00e9quipe \u00e0 votre service! Nos r\u00e9alisations Imaginez ce que nous pouvons faire pour vous!<\/p>","protected":false},"author":1,"featured_media":0,"parent":0,"menu_order":0,"comment_status":"closed","ping_status":"closed","template":"","meta":{"footnotes":""},"class_list":["post-59","page","type-page","status-publish","hentry"],"_links":{"self":[{"href":"https:\/\/oraconstructiondesign.com\/en\/wp-json\/wp\/v2\/pages\/59","targetHints":{"allow":["GET"]}}],"collection":[{"href":"https:\/\/oraconstructiondesign.com\/en\/wp-json\/wp\/v2\/pages"}],"about":[{"href":"https:\/\/oraconstructiondesign.com\/en\/wp-json\/wp\/v2\/types\/page"}],"author":[{"embeddable":true,"href":"https:\/\/oraconstructiondesign.com\/en\/wp-json\/wp\/v2\/users\/1"}],"replies":[{"embeddable":true,"href":"https:\/\/oraconstructiondesign.com\/en\/wp-json\/wp\/v2\/comments?post=59"}],"version-history":[{"count":0,"href":"https:\/\/oraconstructiondesign.com\/en\/wp-json\/wp\/v2\/pages\/59\/revisions"}],"wp:attachment":[{"href":"https:\/\/oraconstructiondesign.com\/en\/wp-json\/wp\/v2\/media?parent=59"}],"curies":[{"name":"wp","href":"https:\/\/api.w.org\/{rel}","templated":true}]}}